{"id":1029,"date":"2025-06-05T22:35:56","date_gmt":"2025-06-05T22:35:56","guid":{"rendered":"https:\/\/escuelasanmigueldrive.com\/new\/about\/"},"modified":"2025-06-08T21:04:45","modified_gmt":"2025-06-08T21:04:45","slug":"about","status":"publish","type":"page","link":"https:\/\/escuelasanmigueldrive.com\/new\/about\/","title":{"rendered":"Qui\u00e9nes somos"},"content":{"rendered":"\t\t<div data-elementor-type=\"wp-page\" data-elementor-id=\"1029\" class=\"elementor elementor-1029\" data-elementor-post-type=\"page\">\n\t\t\t\t<div class=\"elementor-element elementor-element-5ef7019 e-flex e-con-boxed e-con e-parent\" data-id=\"5ef7019\" data-element_type=\"container\" data-settings=\"{&quot;background_background&quot;:&quot;classic&quot;}\">\n\t\t\t\t\t<div class=\"e-con-inner\">\n\t\t\t\t<div class=\"elementor-element elementor-element-5810600 elementor-widget elementor-widget-heading\" data-id=\"5810600\" data-element_type=\"widget\" data-widget_type=\"heading.default\">\n\t\t\t\t<div class=\"elementor-widget-container\">\n\t\t\t\t\t<h1 class=\"elementor-heading-title elementor-size-default\">Qui\u00e9nes somos<\/h1>\t\t\t\t<\/div>\n\t\t\t\t<\/div>\n\t\t\t\t\t<\/div>\n\t\t\t\t<\/div>\n\t\t<div class=\"elementor-element elementor-element-44b6349 e-flex e-con-boxed e-con e-parent\" data-id=\"44b6349\" data-element_type=\"container\">\n\t\t\t\t\t<div class=\"e-con-inner\">\n\t\t<div class=\"elementor-element elementor-element-c7c4c4a e-con-full e-flex e-con e-child\" data-id=\"c7c4c4a\" data-element_type=\"container\">\n\t\t<div class=\"elementor-element elementor-element-2c1474f e-con-full e-flex e-con e-child\" data-id=\"2c1474f\" data-element_type=\"container\">\n\t\t\t\t<div class=\"elementor-element elementor-element-32823ce elementor-position-left elementor-vertical-align-middle elementor-mobile-position-left elementor-view-default elementor-widget elementor-widget-icon-box\" data-id=\"32823ce\" data-element_type=\"widget\" data-widget_type=\"icon-box.default\">\n\t\t\t\t<div class=\"elementor-widget-container\">\n\t\t\t\t\t\t\t<div class=\"elementor-icon-box-wrapper\">\n\n\t\t\t\t\t\t<div class=\"elementor-icon-box-icon\">\n\t\t\t\t<span  class=\"elementor-icon\">\n\t\t\t\t<svg aria-hidden=\"true\" class=\"e-font-icon-svg e-fas-leaf\" viewBox=\"0 0 576 512\" xmlns=\"http:\/\/www.w3.org\/2000\/svg\"><path d=\"M546.2 9.7c-5.6-12.5-21.6-13-28.3-1.2C486.9 62.4 431.4 96 368 96h-80C182 96 96 182 96 288c0 7 .8 13.7 1.5 20.5C161.3 262.8 253.4 224 384 224c8.8 0 16 7.2 16 16s-7.2 16-16 16C132.6 256 26 410.1 2.4 468c-6.6 16.3 1.2 34.9 17.5 41.6 16.4 6.8 35-1.1 41.8-17.3 1.5-3.6 20.9-47.9 71.9-90.6 32.4 43.9 94 85.8 174.9 77.2C465.5 467.5 576 326.7 576 154.3c0-50.2-10.8-102.2-29.8-144.6z\"><\/path><\/svg>\t\t\t\t<\/span>\n\t\t\t<\/div>\n\t\t\t\n\t\t\t\t\t\t<div class=\"elementor-icon-box-content\">\n\n\t\t\t\t\t\t\t\t\t<p class=\"elementor-icon-box-title\">\n\t\t\t\t\t\t<span  >\n\t\t\t\t\t\t\tEscuela de Conducci\u00f3n\t\t\t\t\t\t<\/span>\n\t\t\t\t\t<\/p>\n\t\t\t\t\n\t\t\t\t\n\t\t\t<\/div>\n\t\t\t\n\t\t<\/div>\n\t\t\t\t\t\t<\/div>\n\t\t\t\t<\/div>\n\t\t\t\t<div class=\"elementor-element elementor-element-120abac elementor-widget elementor-widget-heading\" data-id=\"120abac\" data-element_type=\"widget\" data-widget_type=\"heading.default\">\n\t\t\t\t<div class=\"elementor-widget-container\">\n\t\t\t\t\t<h2 class=\"elementor-heading-title elementor-size-default\">San Miguel Drive<\/h2>\t\t\t\t<\/div>\n\t\t\t\t<\/div>\n\t\t\t\t<\/div>\n\t\t<div class=\"elementor-element elementor-element-5ae1c26 e-con-full e-flex e-con e-child\" data-id=\"5ae1c26\" data-element_type=\"container\">\n\t\t\t\t<div class=\"elementor-element elementor-element-a97b63f elementor-widget elementor-widget-text-editor\" data-id=\"a97b63f\" data-element_type=\"widget\" data-widget_type=\"text-editor.default\">\n\t\t\t\t<div class=\"elementor-widget-container\">\n\t\t\t\t\t\t\t\t\t<p>San Miguel Drive nace con la visi\u00f3n de servicio a la comunidad del cant\u00f3n Salcedo el 20 de junio de 2012, para posteriormente y con la finalidad de ayudar a qui\u00e9nes m\u00e1s lo necesitan dentro de la provincia de Cotopaxi, llegar con nuestro servicio cada vez a m\u00e1s personas de todos los sectores hacia un aprendizaje moderno, din\u00e1mico y eficiente, en beneficio de todos los usuarios de las v\u00edas.<\/p>\t\t\t\t\t\t\t\t<\/div>\n\t\t\t\t<\/div>\n\t\t\t\t<\/div>\n\t\t\t\t<\/div>\n\t\t\t\t<div class=\"elementor-element elementor-element-df46f25 elementor-widget elementor-widget-image\" data-id=\"df46f25\" data-element_type=\"widget\" data-widget_type=\"image.default\">\n\t\t\t\t<div class=\"elementor-widget-container\">\n\t\t\t\t\t\t\t\t\t\t\t\t\t\t\t<img fetchpriority=\"high\" decoding=\"async\" width=\"2560\" height=\"1707\" src=\"https:\/\/escuelasanmigueldrive.com\/new\/wp-content\/uploads\/2025\/06\/pexels-photo-9518244-9518244-scaled.jpg\" class=\"attachment-full size-full wp-image-1120\" alt=\"Father and teenage son inside car learning to drive, fostering bonding and guidance.\" srcset=\"https:\/\/escuelasanmigueldrive.com\/new\/wp-content\/uploads\/2025\/06\/pexels-photo-9518244-9518244-scaled.jpg 2560w, https:\/\/escuelasanmigueldrive.com\/new\/wp-content\/uploads\/2025\/06\/pexels-photo-9518244-9518244-300x200.jpg 300w, https:\/\/escuelasanmigueldrive.com\/new\/wp-content\/uploads\/2025\/06\/pexels-photo-9518244-9518244-1024x683.jpg 1024w, https:\/\/escuelasanmigueldrive.com\/new\/wp-content\/uploads\/2025\/06\/pexels-photo-9518244-9518244-768x512.jpg 768w, https:\/\/escuelasanmigueldrive.com\/new\/wp-content\/uploads\/2025\/06\/pexels-photo-9518244-9518244-1536x1024.jpg 1536w, https:\/\/escuelasanmigueldrive.com\/new\/wp-content\/uploads\/2025\/06\/pexels-photo-9518244-9518244-2048x1365.jpg 2048w\" sizes=\"(max-width: 2560px) 100vw, 2560px\" \/>\t\t\t\t\t\t\t\t\t\t\t\t\t\t\t<\/div>\n\t\t\t\t<\/div>\n\t\t\t\t\t<\/div>\n\t\t\t\t<\/div>\n\t\t<div class=\"elementor-element elementor-element-8ab98d8 e-flex e-con-boxed e-con e-parent\" data-id=\"8ab98d8\" data-element_type=\"container\" data-settings=\"{&quot;background_background&quot;:&quot;classic&quot;}\">\n\t\t\t\t\t<div class=\"e-con-inner\">\n\t\t\t\t<div class=\"elementor-element elementor-element-0da48b0 elementor-position-left elementor-vertical-align-middle elementor-mobile-position-left elementor-view-default elementor-widget elementor-widget-icon-box\" data-id=\"0da48b0\" data-element_type=\"widget\" data-widget_type=\"icon-box.default\">\n\t\t\t\t<div class=\"elementor-widget-container\">\n\t\t\t\t\t\t\t<div class=\"elementor-icon-box-wrapper\">\n\n\t\t\t\t\t\t<div class=\"elementor-icon-box-icon\">\n\t\t\t\t<span  class=\"elementor-icon\">\n\t\t\t\t<svg aria-hidden=\"true\" class=\"e-font-icon-svg e-fas-leaf\" viewBox=\"0 0 576 512\" xmlns=\"http:\/\/www.w3.org\/2000\/svg\"><path d=\"M546.2 9.7c-5.6-12.5-21.6-13-28.3-1.2C486.9 62.4 431.4 96 368 96h-80C182 96 96 182 96 288c0 7 .8 13.7 1.5 20.5C161.3 262.8 253.4 224 384 224c8.8 0 16 7.2 16 16s-7.2 16-16 16C132.6 256 26 410.1 2.4 468c-6.6 16.3 1.2 34.9 17.5 41.6 16.4 6.8 35-1.1 41.8-17.3 1.5-3.6 20.9-47.9 71.9-90.6 32.4 43.9 94 85.8 174.9 77.2C465.5 467.5 576 326.7 576 154.3c0-50.2-10.8-102.2-29.8-144.6z\"><\/path><\/svg>\t\t\t\t<\/span>\n\t\t\t<\/div>\n\t\t\t\n\t\t\t\t\t\t<div class=\"elementor-icon-box-content\">\n\n\t\t\t\t\t\t\t\t\t<p class=\"elementor-icon-box-title\">\n\t\t\t\t\t\t<span  >\n\t\t\t\t\t\t\tOur Process\t\t\t\t\t\t<\/span>\n\t\t\t\t\t<\/p>\n\t\t\t\t\n\t\t\t\t\n\t\t\t<\/div>\n\t\t\t\n\t\t<\/div>\n\t\t\t\t\t\t<\/div>\n\t\t\t\t<\/div>\n\t\t\t\t<div class=\"elementor-element elementor-element-400b19d elementor-widget elementor-widget-heading\" data-id=\"400b19d\" data-element_type=\"widget\" data-widget_type=\"heading.default\">\n\t\t\t\t<div class=\"elementor-widget-container\">\n\t\t\t\t\t<h2 class=\"elementor-heading-title elementor-size-default\">Steps to Your Dream Outdoor Space<\/h2>\t\t\t\t<\/div>\n\t\t\t\t<\/div>\n\t\t\t\t\t<\/div>\n\t\t\t\t<\/div>\n\t\t<div class=\"elementor-element elementor-element-907eebe e-flex e-con-boxed e-con e-parent\" data-id=\"907eebe\" data-element_type=\"container\">\n\t\t\t\t\t<div class=\"e-con-inner\">\n\t\t<div class=\"elementor-element elementor-element-0b7cbde e-con-full e-flex e-con e-child\" data-id=\"0b7cbde\" data-element_type=\"container\">\n\t\t\t\t<div class=\"elementor-element elementor-element-0373e4c elementor-widget elementor-widget-image\" data-id=\"0373e4c\" data-element_type=\"widget\" data-widget_type=\"image.default\">\n\t\t\t\t<div class=\"elementor-widget-container\">\n\t\t\t\t\t\t\t\t\t\t\t\t\t\t\t<img decoding=\"async\" width=\"1707\" height=\"2560\" src=\"https:\/\/escuelasanmigueldrive.com\/new\/wp-content\/uploads\/2025\/06\/pexels-photo-804130-804130-scaled.jpg\" class=\"attachment-full size-full wp-image-1127\" alt=\"Close-up of a luxury car&#039;s interior while driving in Marrakech, Morocco.\" srcset=\"https:\/\/escuelasanmigueldrive.com\/new\/wp-content\/uploads\/2025\/06\/pexels-photo-804130-804130-scaled.jpg 1707w, https:\/\/escuelasanmigueldrive.com\/new\/wp-content\/uploads\/2025\/06\/pexels-photo-804130-804130-200x300.jpg 200w, https:\/\/escuelasanmigueldrive.com\/new\/wp-content\/uploads\/2025\/06\/pexels-photo-804130-804130-683x1024.jpg 683w, https:\/\/escuelasanmigueldrive.com\/new\/wp-content\/uploads\/2025\/06\/pexels-photo-804130-804130-768x1152.jpg 768w, https:\/\/escuelasanmigueldrive.com\/new\/wp-content\/uploads\/2025\/06\/pexels-photo-804130-804130-1024x1536.jpg 1024w, https:\/\/escuelasanmigueldrive.com\/new\/wp-content\/uploads\/2025\/06\/pexels-photo-804130-804130-1365x2048.jpg 1365w\" sizes=\"(max-width: 1707px) 100vw, 1707px\" \/>\t\t\t\t\t\t\t\t\t\t\t\t\t\t\t<\/div>\n\t\t\t\t<\/div>\n\t\t\t\t<\/div>\n\t\t<div class=\"elementor-element elementor-element-a631947 e-con-full e-flex e-con e-child\" data-id=\"a631947\" data-element_type=\"container\">\n\t\t\t\t<div class=\"elementor-element elementor-element-a00fddf elementor-widget elementor-widget-heading\" data-id=\"a00fddf\" data-element_type=\"widget\" data-widget_type=\"heading.default\">\n\t\t\t\t<div class=\"elementor-widget-container\">\n\t\t\t\t\t<h2 class=\"elementor-heading-title elementor-size-default\">Misi\u00f3n<\/h2>\t\t\t\t<\/div>\n\t\t\t\t<\/div>\n\t\t\t\t<div class=\"elementor-element elementor-element-fc08a90 elementor-widget elementor-widget-text-editor\" data-id=\"fc08a90\" data-element_type=\"widget\" data-widget_type=\"text-editor.default\">\n\t\t\t\t<div class=\"elementor-widget-container\">\n\t\t\t\t\t\t\t\t\t<p>Formar conductores conscientes de su identidad, con gran sentido de responsabilidad y solidaridad, de formaci\u00f3n human\u00edstica, comprometidos al cambio social y sobre todo con una perspectiva transformadora que coadyuven al desarrollo socio-econ\u00f3mico de la sociedad, para de esta manera evitar dolor y no enlutar m\u00e1s a las familias ecuatorianas; por el contrario, precautelar el bienestar y la seguridad nacional, \u00e9ste es un compromiso de SAN MIGUEL DRIVE<\/p>\t\t\t\t\t\t\t\t<\/div>\n\t\t\t\t<\/div>\n\t\t\t\t<div class=\"elementor-element elementor-element-5652ba1 elementor-widget-divider--view-line elementor-widget elementor-widget-divider\" data-id=\"5652ba1\" data-element_type=\"widget\" data-widget_type=\"divider.default\">\n\t\t\t\t<div class=\"elementor-widget-container\">\n\t\t\t\t\t\t\t<div class=\"elementor-divider\">\n\t\t\t<span class=\"elementor-divider-separator\">\n\t\t\t\t\t\t<\/span>\n\t\t<\/div>\n\t\t\t\t\t\t<\/div>\n\t\t\t\t<\/div>\n\t\t\t\t<div class=\"elementor-element elementor-element-584924a elementor-widget elementor-widget-heading\" data-id=\"584924a\" data-element_type=\"widget\" data-widget_type=\"heading.default\">\n\t\t\t\t<div class=\"elementor-widget-container\">\n\t\t\t\t\t<h2 class=\"elementor-heading-title elementor-size-default\">Visi\u00f3n<\/h2>\t\t\t\t<\/div>\n\t\t\t\t<\/div>\n\t\t\t\t<div class=\"elementor-element elementor-element-41851e5 elementor-widget elementor-widget-text-editor\" data-id=\"41851e5\" data-element_type=\"widget\" data-widget_type=\"text-editor.default\">\n\t\t\t\t<div class=\"elementor-widget-container\">\n\t\t\t\t\t\t\t\t\t<p>SAN MIGUEL DRIVE propende alcanzar una verdadera excelencia educativa en el nuevo <strong>conductor<\/strong> al avance de la t\u00e9cnica y la ciencia, con aplicaci\u00f3n de un moderno y \u00e1gil pensum de estudios y la participaci\u00f3n directa de los alumnos, directivos y los organismos involucrados en el tr\u00e1nsito nacional.<\/p>\t\t\t\t\t\t\t\t<\/div>\n\t\t\t\t<\/div>\n\t\t\t\t<\/div>\n\t\t\t\t\t<\/div>\n\t\t\t\t<\/div>\n\t\t\t\t<\/div>\n\t\t","protected":false},"excerpt":{"rendered":"<p>Qui\u00e9nes somos Escuela de Conducci\u00f3n San Miguel Drive San Miguel Drive nace con la visi\u00f3n de servicio a la comunidad [&hellip;]<\/p>\n","protected":false},"author":1,"featured_media":0,"parent":0,"menu_order":0,"comment_status":"closed","ping_status":"closed","template":"","meta":{"site-sidebar-layout":"no-sidebar","site-content-layout":"","ast-site-content-layout":"full-width-container","site-content-style":"unboxed","site-sidebar-style":"unboxed","ast-global-header-display":"","ast-banner-title-visibility":"","ast-main-header-display":"","ast-hfb-above-header-display":"","ast-hfb-below-header-display":"","ast-hfb-mobile-header-display":"","site-post-title":"disabled","ast-breadcrumbs-content":"","ast-featured-img":"disabled","footer-sml-layout":"","theme-transparent-header-meta":"enabled","adv-header-id-meta":"","stick-header-meta":"","header-above-stick-meta":"","header-main-stick-meta":"","header-below-stick-meta":"","astra-migrate-meta-layouts":"default","ast-page-background-enabled":"default","ast-page-background-meta":{"desktop":{"background-color":"var(--ast-global-color-4)","background-image":"","background-repeat":"repeat","background-position":"center center","background-size":"auto","background-attachment":"scroll","background-type":"","background-media":"","overlay-type":"","overlay-color":"","overlay-opacity":"","overlay-gradient":""},"tablet":{"background-color":"","background-image":"","background-repeat":"repeat","background-position":"center center","background-size":"auto","background-attachment":"scroll","background-type":"","background-media":"","overlay-type":"","overlay-color":"","overlay-opacity":"","overlay-gradient":""},"mobile":{"background-color":"","background-image":"","background-repeat":"repeat","background-position":"center center","background-size":"auto","background-attachment":"scroll","background-type":"","background-media":"","overlay-type":"","overlay-color":"","overlay-opacity":"","overlay-gradient":""}},"ast-content-background-meta":{"desktop":{"background-color":"var(--ast-global-color-5)","background-image":"","background-repeat":"repeat","background-position":"center center","background-size":"auto","background-attachment":"scroll","background-type":"","background-media":"","overlay-type":"","overlay-color":"","overlay-opacity":"","overlay-gradient":""},"tablet":{"background-color":"var(--ast-global-color-5)","background-image":"","background-repeat":"repeat","background-position":"center center","background-size":"auto","background-attachment":"scroll","background-type":"","background-media":"","overlay-type":"","overlay-color":"","overlay-opacity":"","overlay-gradient":""},"mobile":{"background-color":"var(--ast-global-color-5)","background-image":"","background-repeat":"repeat","background-position":"center center","background-size":"auto","background-attachment":"scroll","background-type":"","background-media":"","overlay-type":"","overlay-color":"","overlay-opacity":"","overlay-gradient":""}},"footnotes":""},"class_list":["post-1029","page","type-page","status-publish","hentry"],"_links":{"self":[{"href":"https:\/\/escuelasanmigueldrive.com\/new\/wp-json\/wp\/v2\/pages\/1029","targetHints":{"allow":["GET"]}}],"collection":[{"href":"https:\/\/escuelasanmigueldrive.com\/new\/wp-json\/wp\/v2\/pages"}],"about":[{"href":"https:\/\/escuelasanmigueldrive.com\/new\/wp-json\/wp\/v2\/types\/page"}],"author":[{"embeddable":true,"href":"https:\/\/escuelasanmigueldrive.com\/new\/wp-json\/wp\/v2\/users\/1"}],"replies":[{"embeddable":true,"href":"https:\/\/escuelasanmigueldrive.com\/new\/wp-json\/wp\/v2\/comments?post=1029"}],"version-history":[{"count":20,"href":"https:\/\/escuelasanmigueldrive.com\/new\/wp-json\/wp\/v2\/pages\/1029\/revisions"}],"predecessor-version":[{"id":1338,"href":"https:\/\/escuelasanmigueldrive.com\/new\/wp-json\/wp\/v2\/pages\/1029\/revisions\/1338"}],"wp:attachment":[{"href":"https:\/\/escuelasanmigueldrive.com\/new\/wp-json\/wp\/v2\/media?parent=1029"}],"curies":[{"name":"wp","href":"https:\/\/api.w.org\/{rel}","templated":true}]}}